{"id":31,"date":"2021-03-10T19:40:44","date_gmt":"2021-03-10T19:40:44","guid":{"rendered":"https:\/\/warm-up.live\/?page_id=31"},"modified":"2021-03-27T11:57:58","modified_gmt":"2021-03-27T11:57:58","slug":"ueber-uns","status":"publish","type":"page","link":"https:\/\/warm-up.live\/","title":{"rendered":"Erz\u00e4hl mir mehr"},"content":{"rendered":"\n<p><strong>WARM UP LIVE<\/strong> ist ein multimediales Streamingformat auf Spendenbasis zugunsten der auftretenden MusikerInnen und Comedians.<br>Ab sofort schickt Gastgeber Johnny Rubarth pro Folge ein:e Musiker:in und ein:e Comedian ins Trainingslager, denn es wird der Tag kommen, da m\u00fcssen sie wieder vor Publikum ran.<\/p>\n\n\n\n<p>Ohne Vorbereitung wird das nichts \u2013 deshalb erwartet die K\u00fcnstler:innen die ein oder andere ungewohnte Herausforderung. Die Livestream-Show steigt treffenderweise in den Kraftr\u00e4umen des KB-GYM &#8211; Hamburgs erstem Warehouse-Gym. Es ist Popcorn f\u00fcr die Seele, wenn die Jungs und Deerns zwischen Traktorreifen, Kugelhanteln und Boxs\u00e4cken ihr Programm spielen, denn wir alle vermissen Live-Acts und vielleicht sogar das Fitnessstudio um die Ecke. Au\u00dferdem kann aber jederzeit die n\u00e4chste Challenge von Moderator Johnny ausgel\u00f6st werden. W\u00e4hrend man also selbst auf der Couch vor dem Bildschirm l\u00fcmmelt, gibt es ordentlich originale Songs auf die Ohren, Gags aufs Zwerchfell \u2013 da wird auch das Publikum trainiert. Zuschauer:innen k\u00f6nnen den K\u00fcnstler:innen direkt per paypal Geld spenden. Die \u00fcberwiesene Summe kommt zu einhundert Prozent den Musiker:Innen und Comedians zugute.<\/p>\n","protected":false},"excerpt":{"rendered":"<p>WARM UP LIVE ist ein multimediales Streamingformat auf Spendenbasis zugunsten der auftretenden MusikerInnen und Comedians.Ab sofort schickt Gastgeber Johnny Rubarth pro Folge ein:e Musiker:in und ein:e Comedian ins Trainingslager, denn<\/p>\n<p class=\"more-link\"><a href=\"https:\/\/warm-up.live\/\" class=\"readmore\">Continue reading<span class=\"screen-reader-text\">Erz\u00e4hl mir mehr<\/span><\/a><\/p>\n","protected":false},"author":1,"featured_media":0,"parent":0,"menu_order":0,"comment_status":"closed","ping_status":"closed","template":"","meta":{"footnotes":""},"class_list":["post-31","page","type-page","status-publish","hentry"],"_links":{"self":[{"href":"https:\/\/warm-up.live\/index.php\/wp-json\/wp\/v2\/pages\/31","targetHints":{"allow":["GET"]}}],"collection":[{"href":"https:\/\/warm-up.live\/index.php\/wp-json\/wp\/v2\/pages"}],"about":[{"href":"https:\/\/warm-up.live\/index.php\/wp-json\/wp\/v2\/types\/page"}],"author":[{"embeddable":true,"href":"https:\/\/warm-up.live\/index.php\/wp-json\/wp\/v2\/users\/1"}],"replies":[{"embeddable":true,"href":"https:\/\/warm-up.live\/index.php\/wp-json\/wp\/v2\/comments?post=31"}],"version-history":[{"count":2,"href":"https:\/\/warm-up.live\/index.php\/wp-json\/wp\/v2\/pages\/31\/revisions"}],"predecessor-version":[{"id":77,"href":"https:\/\/warm-up.live\/index.php\/wp-json\/wp\/v2\/pages\/31\/revisions\/77"}],"wp:attachment":[{"href":"https:\/\/warm-up.live\/index.php\/wp-json\/wp\/v2\/media?parent=31"}],"curies":[{"name":"wp","href":"https:\/\/api.w.org\/{rel}","templated":true}]}}